{"id":3098,"date":"2024-02-29T19:10:50","date_gmt":"2024-02-29T18:10:50","guid":{"rendered":"https:\/\/www.soligatto.it\/?page_id=3098"},"modified":"2024-05-22T22:35:44","modified_gmt":"2024-05-22T20:35:44","slug":"privacy-policy","status":"publish","type":"page","link":"https:\/\/www.soligatto.it\/index.php\/privacy-policy\/","title":{"rendered":"Privacy Policy"},"content":{"rendered":"\n<p>In base alle richieste della Legge in tema di editoria elettronica (n. 62 del 7 marzo 2001), si riportano i seguenti dati in riferimento a tutti i contenuti pubblicati sotto il dominio <a href=\"http:\/\/www.soligatto.it\">www.soligatto.it<\/a><\/p>\n\n\n\n<p><strong><em>Responsabile e Titolare del sito<\/em><\/strong><br>Comune di Pieve di Soligo<\/p>\n\n\n\n<p><\/p>\n\n\n\n<p><a href=\"http:\/\/www.soligatto.it\">www.soligatto.it<\/a>\u00a0 non dispone di redazioni \u201cfisiche\u201d: ogni contributo pubblicato \u00e8 solo a titolo gratuito ed avviene tramite mezzo mail, web e comunque unicamente telematico.<\/p>\n\n\n\n<p><\/p>\n\n\n\n<p><strong>Legge sulla Privacy<\/strong><br>Preso atto di quanto richiesto dal DECRETO LEGISLATIVO 30 GIUGNO 2003, N.196 relativo al trattamento dei dati personali:<\/p>\n\n\n\n<p><strong><em>\u2013 Privacy<\/em><\/strong><br><a href=\"http:\/\/www.soligatto.it\">www.soligatto.it<\/a> tratta i dati personali dell\u2019utente in piena conformit\u00e0 a quanto dichiarato nella presente Informativa Privacy e si impegna a proteggere la riservatezza delle informazioni personali raccolte. La presente Informativa Privacy illustra le finalit\u00e0 del trattamento dei dati personali relativamente ai trattamenti svolti sul o tramite il sito web, l\u2019utilizzo di cookies e le modalit\u00e0 di esercizio dei diritti riconosciuti all\u2019utente circa i suoi dati personali.<\/p>\n\n\n\n<p><strong><em>\u2013 Finalit\u00e0 del trattamento<\/em><\/strong><br><a href=\"http:\/\/www.soligatto.it\">www.soligatto.it<\/a> raccoglie e tratta dati personali dei clienti e degli utenti del sito per porre in essere le proprie attivit\u00e0, per rendere disponibili informazioni, prodotti e servizi che possono essere di interesse e per finalit\u00e0 di rilevazioni statistiche sull\u2019utilizzo del sito web. Le informazioni fornite dall\u2019utente saranno utilizzate per contattarlo quando necessario, ad esempio per notificargli modifiche nella funzionalit\u00e0 del sito web o comunicargli offerte di servizi (previo consenso) che possono essere di interesse. Le finalit\u00e0 e le modalit\u00e0 del trattamento dei dati personali attraverso questo sito web o in altro modo saranno comunque conformi a quanto previsto dal decreto legislativo 30 Giugno 2003, n. 196 (Codice della privacy), il cui testo integrale, inclusi i diritti dell\u2019interessato previsti all\u2019art. 7 \u2013 pu\u00f2 essere reperito su\u00a0<a href=\"http:\/\/www.garanteprivacy.it\/\" target=\"_blank\" rel=\"noreferrer noopener\">www.garanteprivacy.it<\/a>.<\/p>\n\n\n\n<p><strong><em>\u2013 Dati sensibili<\/em><\/strong><br><a href=\"http:\/\/www.soligatto.it\">www.soligatto.it<\/a> non richiede n\u00e9 raccoglie tramite questo sito dati personali sensibili (come ad esempio le informazioni idonee a rivelare l\u2019origine razziale o etnica, le convinzioni politiche, filosofiche o religiose, le abitudini sessuali o i dati sanitari). In caso contrario, il preventivo consenso scritto o equivalente sar\u00e0 richiesto all\u2019utente.<\/p>\n\n\n\n<p><em><strong>Gestione dei Cookie<\/strong><\/em><br>\u2013<strong><em>Definizione di Cookie<\/em><\/strong><br>Un \u201ccookie\u201d \u00e8 un file di testo che il sito invia al computer o altro dispositivo connesso a internet per identificare in modo univoco il browser dell\u2019utente o per salvare informazioni o configurazioni nel browser.<\/p>\n\n\n\n<p><em><strong>-Vengono usati cookie su questo sito?<\/strong><\/em><br>S\u00ec, questo sito usa cookie per migliorare il sito e fornire servizi e funzionalit\u00e0 ai suoi utilizzatori.<br>E\u2019 possibile limitare o disabilitare l\u2019uso dei cookie tramite il browser web; tuttavia, senza cookie alcune o tutte le funzionalit\u00e0 del sito potrebbero essere inutilizzabili.<\/p>\n\n\n\n<p><strong><em>Tipologie di Cookie presenti nel sito<\/em><\/strong><br>\u2013&nbsp;<strong><em>Cookie tecnici strettamente necessari<\/em><\/strong><br>Questi cookie sono essenziali per portare a termine attivit\u00e0 richieste dall\u2019utente.<br>Per esempio, per memorizzare informazioni fornite dall\u2019utente mentre naviga nel sito o per gestire lo stato di \u201clogin\u201d durante la visita.<\/p>\n\n\n\n<p><strong><em>\u2013 Cookie tecnici funzionali<\/em><\/strong><br>Questi cookie permettono al sito di memorizzare scelte effettuate dall\u2019utente, successivamente riutilizzabili.<br>Per esempio permettono al sito di memorizzare le impostazioni di ricerca, l\u2019autenticazione e altre funzioni personalizzate.<\/p>\n\n\n\n<p><em><strong>\u2013 Cookie di terze parti<\/strong><\/em><br>Questo sito&nbsp;<strong>NON utilizza<\/strong>&nbsp;direttamente alcun cookie di profilazione.<\/p>\n\n\n\n<p>Tuttavia questo sito potrebbe utilizzare ed utilizza oggetti incorporati che scaricano cookie di terze parti, spesso in grado di effettuare una profilazione degli interessi, ricerche o della navigazione dell\u2019utente, per i quali di seguito trovate i links di dettaglio per informazioni e per gestirne il consenso:<\/p>\n\n\n\n<p><em><strong>Video di Youtube<\/strong><\/em><br>Questo potrebbe incorporare video di Youtube, propriet\u00e0 di Google, in grado di effettuare una profilazione, utilizzati da questo sito allo scopo di mostrare video di Youtube.<br><a href=\"https:\/\/www.youtube.com\/static?template=privacy_guidelines&amp;gl=IT\" target=\"_blank\" rel=\"noreferrer noopener\">Pagina di riferimento Youtube<\/a><\/p>\n\n\n\n<p><\/p>\n\n\n\n<p><em><strong>\u2013 Cookie pubblicitari<\/strong><\/em><br>In queste pagine&nbsp;<strong>NON<\/strong>&nbsp;<strong>sono presenti<\/strong>&nbsp;cookie di terze parti a fini pubblicitari.<\/p>\n\n\n\n<p><em><strong>\u2013 Cookie dei social networks<\/strong><\/em><br>Questi cookie memorizzano informazioni legate all\u2019uso del sito dai social network comuni. Per conoscere e disabilitare i cookie di questi social ecco i rimandi alle singole policy:<br><a href=\"https:\/\/support.google.com\/plus\/answer\/1319578?hl=it\" target=\"_blank\" rel=\"noreferrer noopener\">Google+<\/a><br><a href=\"https:\/\/support.twitter.com\/articles\/20170519-uso-dei-cookie-e-di-altre-tecnologie-simili-da-parte-di-twitter\" target=\"_blank\" rel=\"noreferrer noopener\">Twitter<\/a><br><a href=\"https:\/\/www.linkedin.com\/legal\/cookie_policy\" target=\"_blank\" rel=\"noreferrer noopener\">Linkedin<\/a><br><a href=\"https:\/\/www.facebook.com\/help\/cookies\" target=\"_blank\" rel=\"noreferrer noopener\">Facebook<\/a><\/p>\n\n\n\n<p><em><strong>Come gestire e\/o disabilitare i cookie<\/strong><\/em><br><em><strong>\u2013 Browser<\/strong><\/em><br>Oltre ai links suggeriti fin qui per ciascun tipo di cookie, ogni browser offre metodi per limitare o disabilitare i cookie. Per maggiori informazioni sulla gestione dei cookie visitate i link appropriati:<br><a href=\"https:\/\/support.mozilla.org\/it\/kb\/Gestione%20dei%20cookie\" target=\"_blank\" rel=\"noreferrer noopener\">Firefox<\/a><br><a href=\"https:\/\/support.google.com\/chrome\/answer\/95647?hl=it\" target=\"_blank\" rel=\"noreferrer noopener\">Chrome<\/a><br><a href=\"http:\/\/help.opera.com\/Windows\/10.00\/it\/cookies.html\" target=\"_blank\" rel=\"noreferrer noopener\">Opera<\/a><br><a href=\"http:\/\/windows.microsoft.com\/it-it\/internet-explorer\/delete-manage-cookies\" target=\"_blank\" rel=\"noreferrer noopener\">Internet Explorer<\/a><\/p>\n\n\n\n<p>Per ogni altro Browser non presente in questa lista si rimanda al relativo manuale d\u2019uso o faq specifica in materia di cookie curato dal produttore del software.<\/p>\n\n\n\n<p><em><strong>\u2013 Mobile, Smartphone e Tablet<\/strong><\/em><br>Per eliminare i cookie dal browser Internet del proprio smartphone\/tablet, \u00e8 necessario fare riferimento al manuale d\u2019uso del dispositivo.<\/p>\n\n\n\n<p><em><strong>\u2013 Servizi online<\/strong><\/em><br>\u00c8 possibile inoltre visitare il sito, in lingua inglese,&nbsp;<a href=\"http:\/\/www.aboutcookies.org\/\" target=\"_blank\" rel=\"noreferrer noopener\">www.aboutcookies.org<\/a>&nbsp;oppure&nbsp;<a href=\"http:\/\/www.youronlinechoices.com\/it\/\" target=\"_blank\" rel=\"noreferrer noopener\">www.youronlinechoices.com<\/a>&nbsp;per informazioni su come poter gestire\/eliminare i cookie in base al tipo di browser utilizzato.<\/p>\n\n\n\n<p><em>Questa pagina \u00e8 visibile, mediante link presente in tutte le pagine del Sito ai sensi dell\u2019art. 122 secondo comma del D.lgs. 196\/2003 e a seguito delle modalit\u00e0 semplificate per l\u2019informativa e l\u2019acquisizione del consenso per l\u2019uso dei cookie pubblicata sulla Gazzetta Ufficiale n.126 del 3 giugno 2014 e relativo registro dei provvedimenti n.229 dell\u20198 maggio 2014.<\/em><\/p>\n\n\n\n<p><\/p>\n","protected":false},"excerpt":{"rendered":"<p>In base alle richieste della Legge in tema di editoria elettronica (n. 62 del 7 marzo 2001), si riportano i seguenti dati in riferimento a tutti i contenuti pubblicati sotto il dominio www.soligatto.it Responsabile e Titolare del sitoComune di Pieve di Soligo www.soligatto.it\u00a0 non dispone di redazioni \u201cfisiche\u201d: ogni contributo pubblicato \u00e8 solo a titolo [&hellip;]<\/p>\n","protected":false},"author":1,"featured_media":0,"parent":0,"menu_order":0,"comment_status":"closed","ping_status":"closed","template":"","meta":{"footnotes":""},"class_list":["post-3098","page","type-page","status-publish","hentry"],"yoast_head":"<!-- This site is optimized with the Yoast SEO plugin v27.1.1 - https:\/\/yoast.com\/product\/yoast-seo-wordpress\/ -->\n<title>PRIVACY POLICY - SOLIGATTO<\/title>\n<meta name=\"description\" content=\"Pagina delle privacy policy\" \/>\n<meta name=\"robots\" content=\"index, follow, max-snippet:-1, max-image-preview:large, max-video-preview:-1\" \/>\n<link rel=\"canonical\" href=\"https:\/\/www.soligatto.it\/index.php\/privacy-policy\/\" \/>\n<meta property=\"og:locale\" content=\"it_IT\" \/>\n<meta property=\"og:type\" content=\"article\" \/>\n<meta property=\"og:title\" content=\"PRIVACY POLICY - SOLIGATTO\" \/>\n<meta property=\"og:description\" content=\"Pagina delle privacy policy\" \/>\n<meta property=\"og:url\" content=\"https:\/\/www.soligatto.it\/index.php\/privacy-policy\/\" \/>\n<meta property=\"og:site_name\" content=\"SOLIGATTO\" \/>\n<meta property=\"article:publisher\" content=\"https:\/\/it-it.facebook.com\/Soligatto\/\" \/>\n<meta property=\"article:modified_time\" content=\"2024-05-22T20:35:44+00:00\" \/>\n<meta name=\"twitter:card\" content=\"summary_large_image\" \/>\n<meta name=\"twitter:label1\" content=\"Tempo di lettura stimato\" \/>\n\t<meta name=\"twitter:data1\" content=\"5 minuti\" \/>\n<script type=\"application\/ld+json\" class=\"yoast-schema-graph\">{\"@context\":\"https:\/\/schema.org\",\"@graph\":[{\"@type\":\"WebPage\",\"@id\":\"https:\/\/www.soligatto.it\/index.php\/privacy-policy\/\",\"url\":\"https:\/\/www.soligatto.it\/index.php\/privacy-policy\/\",\"name\":\"PRIVACY POLICY - SOLIGATTO\",\"isPartOf\":{\"@id\":\"https:\/\/www.soligatto.it\/#website\"},\"datePublished\":\"2024-02-29T18:10:50+00:00\",\"dateModified\":\"2024-05-22T20:35:44+00:00\",\"description\":\"Pagina delle privacy policy\",\"breadcrumb\":{\"@id\":\"https:\/\/www.soligatto.it\/index.php\/privacy-policy\/#breadcrumb\"},\"inLanguage\":\"it-IT\",\"potentialAction\":[{\"@type\":\"ReadAction\",\"target\":[\"https:\/\/www.soligatto.it\/index.php\/privacy-policy\/\"]}]},{\"@type\":\"BreadcrumbList\",\"@id\":\"https:\/\/www.soligatto.it\/index.php\/privacy-policy\/#breadcrumb\",\"itemListElement\":[{\"@type\":\"ListItem\",\"position\":1,\"name\":\"Home\",\"item\":\"https:\/\/www.soligatto.it\/\"},{\"@type\":\"ListItem\",\"position\":2,\"name\":\"Privacy Policy\"}]},{\"@type\":\"WebSite\",\"@id\":\"https:\/\/www.soligatto.it\/#website\",\"url\":\"https:\/\/www.soligatto.it\/\",\"name\":\"SOLIGATTO\",\"description\":\"\",\"publisher\":{\"@id\":\"https:\/\/www.soligatto.it\/#organization\"},\"potentialAction\":[{\"@type\":\"SearchAction\",\"target\":{\"@type\":\"EntryPoint\",\"urlTemplate\":\"https:\/\/www.soligatto.it\/?s={search_term_string}\"},\"query-input\":{\"@type\":\"PropertyValueSpecification\",\"valueRequired\":true,\"valueName\":\"search_term_string\"}}],\"inLanguage\":\"it-IT\"},{\"@type\":\"Organization\",\"@id\":\"https:\/\/www.soligatto.it\/#organization\",\"name\":\"SOLIGATTO\",\"url\":\"https:\/\/www.soligatto.it\/\",\"logo\":{\"@type\":\"ImageObject\",\"inLanguage\":\"it-IT\",\"@id\":\"https:\/\/www.soligatto.it\/#\/schema\/logo\/image\/\",\"url\":\"https:\/\/www.soligatto.it\/wp-content\/uploads\/2024\/04\/soligatto-altan.png\",\"contentUrl\":\"https:\/\/www.soligatto.it\/wp-content\/uploads\/2024\/04\/soligatto-altan.png\",\"width\":1066,\"height\":748,\"caption\":\"SOLIGATTO\"},\"image\":{\"@id\":\"https:\/\/www.soligatto.it\/#\/schema\/logo\/image\/\"},\"sameAs\":[\"https:\/\/it-it.facebook.com\/Soligatto\/\",\"https:\/\/it-it.facebook.com\/ilsoligatto\/\"]}]}<\/script>\n<!-- \/ Yoast SEO plugin. -->","yoast_head_json":{"title":"PRIVACY POLICY - SOLIGATTO","description":"Pagina delle privacy policy","robots":{"index":"index","follow":"follow","max-snippet":"max-snippet:-1","max-image-preview":"max-image-preview:large","max-video-preview":"max-video-preview:-1"},"canonical":"https:\/\/www.soligatto.it\/index.php\/privacy-policy\/","og_locale":"it_IT","og_type":"article","og_title":"PRIVACY POLICY - SOLIGATTO","og_description":"Pagina delle privacy policy","og_url":"https:\/\/www.soligatto.it\/index.php\/privacy-policy\/","og_site_name":"SOLIGATTO","article_publisher":"https:\/\/it-it.facebook.com\/Soligatto\/","article_modified_time":"2024-05-22T20:35:44+00:00","twitter_card":"summary_large_image","twitter_misc":{"Tempo di lettura stimato":"5 minuti"},"schema":{"@context":"https:\/\/schema.org","@graph":[{"@type":"WebPage","@id":"https:\/\/www.soligatto.it\/index.php\/privacy-policy\/","url":"https:\/\/www.soligatto.it\/index.php\/privacy-policy\/","name":"PRIVACY POLICY - SOLIGATTO","isPartOf":{"@id":"https:\/\/www.soligatto.it\/#website"},"datePublished":"2024-02-29T18:10:50+00:00","dateModified":"2024-05-22T20:35:44+00:00","description":"Pagina delle privacy policy","breadcrumb":{"@id":"https:\/\/www.soligatto.it\/index.php\/privacy-policy\/#breadcrumb"},"inLanguage":"it-IT","potentialAction":[{"@type":"ReadAction","target":["https:\/\/www.soligatto.it\/index.php\/privacy-policy\/"]}]},{"@type":"BreadcrumbList","@id":"https:\/\/www.soligatto.it\/index.php\/privacy-policy\/#breadcrumb","itemListElement":[{"@type":"ListItem","position":1,"name":"Home","item":"https:\/\/www.soligatto.it\/"},{"@type":"ListItem","position":2,"name":"Privacy Policy"}]},{"@type":"WebSite","@id":"https:\/\/www.soligatto.it\/#website","url":"https:\/\/www.soligatto.it\/","name":"SOLIGATTO","description":"","publisher":{"@id":"https:\/\/www.soligatto.it\/#organization"},"potentialAction":[{"@type":"SearchAction","target":{"@type":"EntryPoint","urlTemplate":"https:\/\/www.soligatto.it\/?s={search_term_string}"},"query-input":{"@type":"PropertyValueSpecification","valueRequired":true,"valueName":"search_term_string"}}],"inLanguage":"it-IT"},{"@type":"Organization","@id":"https:\/\/www.soligatto.it\/#organization","name":"SOLIGATTO","url":"https:\/\/www.soligatto.it\/","logo":{"@type":"ImageObject","inLanguage":"it-IT","@id":"https:\/\/www.soligatto.it\/#\/schema\/logo\/image\/","url":"https:\/\/www.soligatto.it\/wp-content\/uploads\/2024\/04\/soligatto-altan.png","contentUrl":"https:\/\/www.soligatto.it\/wp-content\/uploads\/2024\/04\/soligatto-altan.png","width":1066,"height":748,"caption":"SOLIGATTO"},"image":{"@id":"https:\/\/www.soligatto.it\/#\/schema\/logo\/image\/"},"sameAs":["https:\/\/it-it.facebook.com\/Soligatto\/","https:\/\/it-it.facebook.com\/ilsoligatto\/"]}]}},"_links":{"self":[{"href":"https:\/\/www.soligatto.it\/index.php\/wp-json\/wp\/v2\/pages\/3098","targetHints":{"allow":["GET"]}}],"collection":[{"href":"https:\/\/www.soligatto.it\/index.php\/wp-json\/wp\/v2\/pages"}],"about":[{"href":"https:\/\/www.soligatto.it\/index.php\/wp-json\/wp\/v2\/types\/page"}],"author":[{"embeddable":true,"href":"https:\/\/www.soligatto.it\/index.php\/wp-json\/wp\/v2\/users\/1"}],"replies":[{"embeddable":true,"href":"https:\/\/www.soligatto.it\/index.php\/wp-json\/wp\/v2\/comments?post=3098"}],"version-history":[{"count":6,"href":"https:\/\/www.soligatto.it\/index.php\/wp-json\/wp\/v2\/pages\/3098\/revisions"}],"predecessor-version":[{"id":4188,"href":"https:\/\/www.soligatto.it\/index.php\/wp-json\/wp\/v2\/pages\/3098\/revisions\/4188"}],"wp:attachment":[{"href":"https:\/\/www.soligatto.it\/index.php\/wp-json\/wp\/v2\/media?parent=3098"}],"curies":[{"name":"wp","href":"https:\/\/api.w.org\/{rel}","templated":true}]}}